{"id":1121,"date":"2017-08-21T12:25:41","date_gmt":"2017-08-21T10:25:41","guid":{"rendered":"http:\/\/lsmgroup.it\/?page_id=1121"},"modified":"2019-05-02T17:08:07","modified_gmt":"2019-05-02T15:08:07","slug":"grana-valori-nutrizionali","status":"publish","type":"page","link":"https:\/\/lsmgroup.it\/de\/produkte\/grana-padano\/grana-naehrwerte\/","title":{"rendered":"N\u00e4hrwerte"},"content":{"rendered":"<p>Jedes St\u00fcck Grana Padano ist eine Gaumenfreude, ob bei einem Aperitif oder bei einem traditionellen Abendessen zu Hause. Aber im Gegensatz zu manchen Naschereien, die wir uns hin und wieder mal g\u00f6nnen um es hinterher zu bereuen, ist Grana Padano ein Lebensmittel, das sowohl lecker, als auch gesund ist.<br \/>\n&nbsp;<br \/>\n<strong>Zutaten<\/strong><\/p>\n<p>Wir finden in jedem Laib nur vier Zutaten. Die Hauptzutat ist nat\u00fcrlich die Rohmilch, die 98% ausmacht. Au\u00dferdem, finden wir auch getrocknetes Meersalz (1,6%), einen minimalen Anteil an K\u00e4lberlab (0,004%), und Lysozym (0,025%). Das Lysozym Enzym ist ein nat\u00fcrliches, antibakterielles Konservierungsmittel, das in vielen N\u00e4hrstoffen sowie in Eigelb enthalten ist. Diese vier Zutaten bestimmten die N\u00e4hrwerte des Grana Padano. Schauen wir sie uns im Detail an.<br \/>\n&nbsp;<br \/>\n<strong>Proteine<\/strong><\/p>\n<p>Grana Padano enth\u00e4lt einen hohen Anteil an Proteinen. Dadurch, dass der K\u00e4se zum gr\u00f6\u00dften aus Milch besteht, profitiert er auch von den gleichen Proteinen wie Leucin, Lysin, Phenylalanin und Tyrosin. In nur 60g Grana Padano K\u00e4se findet man den gleichen N\u00e4hrwert wie in einem Liter Milch.<br \/>\n&nbsp;<br \/>\n<strong>Mineralstoffe<\/strong><\/p>\n<p>Jod, Selen, Magnesium, Phosphor und vor allem Calcium. Mineralstoffe sind f\u00fcr die Gesundheit sehr wichtig und im Grana Padano K\u00e4se finden wir viele verschiedene von ihnen mit einer bedeutsamen Menge.<br \/>\n&nbsp;<br \/>\n<strong>Vitamine<\/strong><\/p>\n<p>In 50g Grana Padano findet man gut ein Drittel des empfohlenen Tagesbedarfs (RDA) an Vitamin A und B2. Au\u00dferdem, ist es vor allem f\u00fcr Vegetarier interessant zu wissen, dass in 50g Grana Padano 75% des Tagesbedarfs an Vitamin B12 f\u00fcr einen Erwachsenen enthalten ist.<br \/>\n&nbsp;<br \/>\n<strong>Fette<\/strong><\/p>\n<p>Nur wenige und gute Fette! Grana Padano wird mit teilentrahmter Milch produziert und m\u00fcsste somit eigentlich als halbfettarmer K\u00e4se bezeichnet werden. Sein Fettgehalt entspricht circa 30% und besteht zum gr\u00f6\u00dften Teil aus unges\u00e4ttigten Fetts\u00e4uren (den sogenannten \u201eguten Fetten\u201c). Diesen Anteil findet man in 50g Grana Padano, was circa der H\u00e4lfte der empfohlenen Tagesdosis entspricht.<br \/>\n&nbsp;<br \/>\n<strong>Zucker<\/strong><\/p>\n<p>Keine Kohlenhydrate und keine Laktose. Grana Padano ist glutenfrei und eignet sich somit f\u00fcr Personen, die an Z\u00f6liakie leiden. Au\u00dferdem, enth\u00e4lt der K\u00e4se keine Laktose und kann somit auch von Personen mit einer Laktoseintoleranz konsumiert werden.<br \/>\n&nbsp;<\/p>\n<hr\/>\n<p>&nbsp;<\/p>\n<h2>Weitere Beitr\u00e4ge zum Thema Grana Padano:<\/h2>\n<ul>\n<li><a href=\"http:\/\/lsmgroup.it\/de\/produkte\/grana-padano\/grana-und-parmigiano\/\">Der Unterschied zwischen Grana und Parmigiano Reggiano<\/a><\/li>\n<li><a href=\"http:\/\/lsmgroup.it\/de\/produkte\/grana-padano\/grana-padano-dop\/\">Grana Padano Dop &#8211; was bedeutet das?<\/a><\/li>\n<li><a href=\"http:\/\/lsmgroup.it\/de\/produkte\/grana-padano\/reifung\/\">Der Reifungsprozess<\/a><\/li>\n<\/ul>\n<p><\/p>","protected":false},"excerpt":{"rendered":"<p>Jedes St\u00fcck Grana Padano ist eine Gaumenfreude, ob bei einem [&hellip;]<\/p>\n","protected":false},"author":1,"featured_media":1163,"parent":117,"menu_order":0,"comment_status":"closed","ping_status":"closed","template":"","meta":{"footnotes":""},"class_list":["post-1121","page","type-page","status-publish","has-post-thumbnail","hentry"],"_links":{"self":[{"href":"https:\/\/lsmgroup.it\/de\/wp-json\/wp\/v2\/pages\/1121","targetHints":{"allow":["GET"]}}],"collection":[{"href":"https:\/\/lsmgroup.it\/de\/wp-json\/wp\/v2\/pages"}],"about":[{"href":"https:\/\/lsmgroup.it\/de\/wp-json\/wp\/v2\/types\/page"}],"author":[{"embeddable":true,"href":"https:\/\/lsmgroup.it\/de\/wp-json\/wp\/v2\/users\/1"}],"replies":[{"embeddable":true,"href":"https:\/\/lsmgroup.it\/de\/wp-json\/wp\/v2\/comments?post=1121"}],"version-history":[{"count":40,"href":"https:\/\/lsmgroup.it\/de\/wp-json\/wp\/v2\/pages\/1121\/revisions"}],"predecessor-version":[{"id":1821,"href":"https:\/\/lsmgroup.it\/de\/wp-json\/wp\/v2\/pages\/1121\/revisions\/1821"}],"up":[{"embeddable":true,"href":"https:\/\/lsmgroup.it\/de\/wp-json\/wp\/v2\/pages\/117"}],"wp:featuredmedia":[{"embeddable":true,"href":"https:\/\/lsmgroup.it\/de\/wp-json\/wp\/v2\/media\/1163"}],"wp:attachment":[{"href":"https:\/\/lsmgroup.it\/de\/wp-json\/wp\/v2\/media?parent=1121"}],"curies":[{"name":"wp","href":"https:\/\/api.w.org\/{rel}","templated":true}]}}