{"id":117,"date":"2016-04-26T01:36:49","date_gmt":"2016-04-25T23:36:49","guid":{"rendered":"http:\/\/lsmgroup.it\/?page_id=117"},"modified":"2025-09-15T14:10:02","modified_gmt":"2025-09-15T12:10:02","slug":"grana-padano","status":"publish","type":"page","link":"https:\/\/lsmgroup.it\/de\/produkte\/grana-padano\/","title":{"rendered":"Grana Padano"},"content":{"rendered":"<p>Der Grana Padano ist ein Lebensmittel mit bew\u00e4hrten wohltuenden Eigenschaften; er hat zus\u00e4tzlich zum Grundn\u00e4hrwert positive Auswirkungen auf bestimmte K\u00f6rperfunktionen und verbessert das <strong>Wohlbefinden<\/strong> derjenigen, die ihn verzehren. Er ist <strong>sehr gut verdaulich<\/strong>, hypoallergen, reich an Eiwei\u00df, Kalzium und Phosphor und ist f\u00fcr Verbraucher aller Altersgruppen geeignet.<\/p>\n<p>Der <strong>Grana Padano der LSM-Group ist wohlschmeckend.<\/strong><br \/>\n<!--more--><br \/>\nEin renommiertes Produkt mit einem einzigartigen und unverwechselbaren Geschmack, Ergebnis der alten mantuanischen Tradition.<\/p>\n<p>Jede Registriernummer (MN 427, MN 437, MN 473, MN 412) pr\u00e4sentiert au\u00dfergew\u00f6hnliche Qualit\u00e4ts- und Geschmacksnuancen, die dazu beigetragen haben, unseren Grana Padano einen der preisgekr\u00f6ntesten K\u00e4se weltweit werden zu lassen.<\/p>\n<p>Es ist unter den folgenden <strong>drei Marken<\/strong> erh\u00e4ltlich:<br \/>\n<strong>Latteria Sociale Mantova<\/strong><br \/>\n<strong>San Sebastiano<\/strong><br \/>\n<strong>Santa Maria Formigada<\/strong><\/p>","protected":false},"excerpt":{"rendered":"<p>Leider ist der Eintrag nur auf Italiano verf\u00fcgbar.<\/p>\n","protected":false},"author":1,"featured_media":457,"parent":11,"menu_order":0,"comment_status":"closed","ping_status":"closed","template":"tpl-products.php","meta":{"footnotes":""},"class_list":["post-117","page","type-page","status-publish","has-post-thumbnail","hentry"],"_links":{"self":[{"href":"https:\/\/lsmgroup.it\/de\/wp-json\/wp\/v2\/pages\/117","targetHints":{"allow":["GET"]}}],"collection":[{"href":"https:\/\/lsmgroup.it\/de\/wp-json\/wp\/v2\/pages"}],"about":[{"href":"https:\/\/lsmgroup.it\/de\/wp-json\/wp\/v2\/types\/page"}],"author":[{"embeddable":true,"href":"https:\/\/lsmgroup.it\/de\/wp-json\/wp\/v2\/users\/1"}],"replies":[{"embeddable":true,"href":"https:\/\/lsmgroup.it\/de\/wp-json\/wp\/v2\/comments?post=117"}],"version-history":[{"count":53,"href":"https:\/\/lsmgroup.it\/de\/wp-json\/wp\/v2\/pages\/117\/revisions"}],"predecessor-version":[{"id":2368,"href":"https:\/\/lsmgroup.it\/de\/wp-json\/wp\/v2\/pages\/117\/revisions\/2368"}],"up":[{"embeddable":true,"href":"https:\/\/lsmgroup.it\/de\/wp-json\/wp\/v2\/pages\/11"}],"wp:featuredmedia":[{"embeddable":true,"href":"https:\/\/lsmgroup.it\/de\/wp-json\/wp\/v2\/media\/457"}],"wp:attachment":[{"href":"https:\/\/lsmgroup.it\/de\/wp-json\/wp\/v2\/media?parent=117"}],"curies":[{"name":"wp","href":"https:\/\/api.w.org\/{rel}","templated":true}]}}