{"id":119,"date":"2016-04-26T01:39:38","date_gmt":"2016-04-25T23:39:38","guid":{"rendered":"http:\/\/lsmgroup.it\/?page_id=119"},"modified":"2025-09-15T14:42:44","modified_gmt":"2025-09-15T12:42:44","slug":"parmigiano-reggiano","status":"publish","type":"page","link":"https:\/\/lsmgroup.it\/de\/produkte\/parmigiano-reggiano\/","title":{"rendered":"Parmigiano Reggiano"},"content":{"rendered":"<p>Der <strong>Parmigiano Reggiano D.O.P.<\/strong> ist ein unverwechselbarer und unnachahmlicher K\u00e4se hinsichtlich seiner Aromen und D\u00fcfte. Er wird bereits seit 9 Jahrhunderte alter Tradition in dem Landbereich, der vom Apennin bis zum Po reicht, produziert. Ein unglaubliches Gleichgewicht zwischen der Weisheit, Leidenschaft und Kunsthandwerklichkeit der Personen, die ihn herstellen und ihn jeden Tag verarbeiten.<br \/>\nW\u00e4hrend der Reifung erh\u00e4lt er seine typische k\u00f6rnige Struktur, seinen Splitterbruch, und wird m\u00fcrbe und schmelzend.<\/p>\n<p>&nbsp;<\/p>\n<p><!--more--><\/p>\n<p>Sehr wohlschmeckend, <strong>leicht verdaulich<\/strong>, \u00e4u\u00dferst <strong>reich aus ern\u00e4hrungswissenschaftlicher Sicht<\/strong>, verliert der Parmigiano Reggiano D.O.P. keine Gelegenheit, sich durch Qualit\u00e4t und Wohlgeschmack auszuzeichnen.<br \/>\nDer einzigartige Geschmack eines naturreinen Produkts <strong>ohne Konservierungsmittel<\/strong>. Die Kombination aus Eiwei\u00df, Vitaminen, Kalzium und Mineralstoffen machen ihn <strong>geeignet f\u00fcr jedes Alter<\/strong> und in jeder Situation, eine Ladung von sofort nutzbarer Energie f\u00fcr alle.<\/p>\n<p>&nbsp;<\/p>","protected":false},"excerpt":{"rendered":"<p>Leider ist der Eintrag nur auf Italiano verf\u00fcgbar.<\/p>\n","protected":false},"author":1,"featured_media":129,"parent":11,"menu_order":2,"comment_status":"closed","ping_status":"closed","template":"tpl-products.php","meta":{"footnotes":""},"class_list":["post-119","page","type-page","status-publish","has-post-thumbnail","hentry"],"_links":{"self":[{"href":"https:\/\/lsmgroup.it\/de\/wp-json\/wp\/v2\/pages\/119","targetHints":{"allow":["GET"]}}],"collection":[{"href":"https:\/\/lsmgroup.it\/de\/wp-json\/wp\/v2\/pages"}],"about":[{"href":"https:\/\/lsmgroup.it\/de\/wp-json\/wp\/v2\/types\/page"}],"author":[{"embeddable":true,"href":"https:\/\/lsmgroup.it\/de\/wp-json\/wp\/v2\/users\/1"}],"replies":[{"embeddable":true,"href":"https:\/\/lsmgroup.it\/de\/wp-json\/wp\/v2\/comments?post=119"}],"version-history":[{"count":40,"href":"https:\/\/lsmgroup.it\/de\/wp-json\/wp\/v2\/pages\/119\/revisions"}],"predecessor-version":[{"id":2379,"href":"https:\/\/lsmgroup.it\/de\/wp-json\/wp\/v2\/pages\/119\/revisions\/2379"}],"up":[{"embeddable":true,"href":"https:\/\/lsmgroup.it\/de\/wp-json\/wp\/v2\/pages\/11"}],"wp:featuredmedia":[{"embeddable":true,"href":"https:\/\/lsmgroup.it\/de\/wp-json\/wp\/v2\/media\/129"}],"wp:attachment":[{"href":"https:\/\/lsmgroup.it\/de\/wp-json\/wp\/v2\/media?parent=119"}],"curies":[{"name":"wp","href":"https:\/\/api.w.org\/{rel}","templated":true}]}}