{"id":121,"date":"2016-04-26T01:40:13","date_gmt":"2016-04-25T23:40:13","guid":{"rendered":"http:\/\/lsmgroup.it\/?page_id=121"},"modified":"2025-09-15T14:49:39","modified_gmt":"2025-09-15T12:49:39","slug":"gran-mantovano","status":"publish","type":"page","link":"https:\/\/lsmgroup.it\/de\/produkte\/gran-mantovano\/","title":{"rendered":"Gran Mantovano"},"content":{"rendered":"<p>Die LSM-Group hat dank der Zusammenarbeit mit lokalen Produktionspartnern einen ausgezeichneten K\u00e4se hergestellt, der mit mikrobiellem Lab produziert wird und f\u00fcr die besonderen Bed\u00fcrfnisse der vegetarischen Verbraucher geeignet ist: der <strong>Gran Mantovano<\/strong>.<\/p>\n<p><!--more--><br \/>\nErh\u00e4ltlich auch mit der charakteristischen &#8222;<strong>schwarzen Rinde<\/strong>&#8222;, ist er ein Tafel- und Reibk\u00e4se von ausgezeichneter Qualit\u00e4t.<br \/>\nIdeal als Zutat f\u00fcr einen ersten Gang oder als zweiter Gang ist unser Gran Mantovano ganz neu zu entdecken.Die LSM-Group hat dank der Zusammenarbeit mit lokalen Produktionspartnern einen ausgezeichneten K\u00e4se hergestellt, der mit mikrobiellem Lab produziert wird und f\u00fcr die besonderen Bed\u00fcrfnisse der vegetarischen Verbraucher geeignet ist: der <strong>Gran Mantovano<\/strong>.<\/p>\n<p><!--more--><br \/>\nErh\u00e4ltlich auch mit der charakteristischen &#8222;<strong>schwarzen Rinde<\/strong>&#8222;, ist er ein Tafel- und Reibk\u00e4se von ausgezeichneter Qualit\u00e4t.<br \/>\nIdeal als Zutat f\u00fcr einen ersten Gang oder als zweiter Gang ist unser Gran Mantovano ganz neu zu entdecken.Die LSM-Group hat dank der Zusammenarbeit mit lokalen Produktionspartnern einen ausgezeichneten K\u00e4se hergestellt, der mit mikrobiellem Lab produziert wird und f\u00fcr die besonderen Bed\u00fcrfnisse der vegetarischen Verbraucher geeignet ist: der <strong>Gran Mantovano<\/strong>.<\/p>\n<p><!--more--><br \/>\nErh\u00e4ltlich auch mit der charakteristischen &#8222;<strong>schwarzen Rinde<\/strong>&#8222;, ist er ein Tafel- und Reibk\u00e4se von ausgezeichneter Qualit\u00e4t.<br \/>\nIdeal als Zutat f\u00fcr einen ersten Gang oder als zweiter Gang ist unser Gran Mantovano ganz neu zu entdecken.Die LSM-Group hat dank der Zusammenarbeit mit lokalen Produktionspartnern einen ausgezeichneten K\u00e4se hergestellt, der mit mikrobiellem Lab produziert wird und f\u00fcr die besonderen Bed\u00fcrfnisse der vegetarischen Verbraucher geeignet ist: der <strong>Gran Mantovano<\/strong>.<\/p>\n<p><!--more--><br \/>\nErh\u00e4ltlich auch mit der charakteristischen &#8222;<strong>schwarzen Rinde<\/strong>&#8222;, ist er ein Tafel- und Reibk\u00e4se von ausgezeichneter Qualit\u00e4t.<br \/>\nIdeal als Zutat f\u00fcr einen ersten Gang oder als zweiter Gang ist unser Gran Mantovano ganz neu zu entdecken.Die LSM-Group hat dank der Zusammenarbeit mit lokalen Produktionspartnern einen ausgezeichneten K\u00e4se hergestellt, der mit mikrobiellem Lab produziert wird und f\u00fcr die besonderen Bed\u00fcrfnisse der vegetarischen Verbraucher geeignet ist: der <strong>Gran Mantovano<\/strong>.<\/p>\n<p><!--more--><br \/>\nErh\u00e4ltlich auch mit der charakteristischen &#8222;<strong>schwarzen Rinde<\/strong>&#8222;, ist er ein Tafel- und Reibk\u00e4se von ausgezeichneter Qualit\u00e4t.<br \/>\nIdeal als Zutat f\u00fcr einen ersten Gang oder als zweiter Gang ist unser Gran Mantovano ganz neu zu entdecken.Die LSM-Group hat dank der Zusammenarbeit mit lokalen Produktionspartnern einen ausgezeichneten K\u00e4se hergestellt, der mit mikrobiellem Lab produziert wird und f\u00fcr die besonderen Bed\u00fcrfnisse der vegetarischen Verbraucher geeignet ist: der <strong>Gran Mantovano<\/strong>.<\/p>\n<p><!--more--><br \/>\nErh\u00e4ltlich auch mit der charakteristischen &#8222;<strong>schwarzen Rinde<\/strong>&#8222;, ist er ein Tafel- und Reibk\u00e4se von ausgezeichneter Qualit\u00e4t.<br \/>\nIdeal als Zutat f\u00fcr einen ersten Gang oder als zweiter Gang ist unser Gran Mantovano ganz neu zu entdecken.Die LSM-Group hat dank der Zusammenarbeit mit lokalen Produktionspartnern einen ausgezeichneten K\u00e4se hergestellt, der mit mikrobiellem Lab produziert wird und f\u00fcr die besonderen Bed\u00fcrfnisse der vegetarischen Verbraucher geeignet ist: der <strong>Gran Mantovano<\/strong>.<\/p>\n<p><!--more--><br \/>\nErh\u00e4ltlich auch mit der charakteristischen &#8222;<strong>schwarzen Rinde<\/strong>&#8222;, ist er ein Tafel- und Reibk\u00e4se von ausgezeichneter Qualit\u00e4t.<br \/>\nIdeal als Zutat f\u00fcr einen ersten Gang oder als zweiter Gang ist unser Gran Mantovano ganz neu zu entdecken.Die LSM-Group hat dank der Zusammenarbeit mit lokalen Produktionspartnern einen ausgezeichneten K\u00e4se hergestellt, der mit mikrobiellem Lab produziert wird und f\u00fcr die besonderen Bed\u00fcrfnisse der vegetarischen Verbraucher geeignet ist: der <strong>Gran Mantovano<\/strong>.<\/p>\n<p><!--more--><br \/>\nErh\u00e4ltlich auch mit der charakteristischen &#8222;<strong>schwarzen Rinde<\/strong>&#8222;, ist er ein Tafel- und Reibk\u00e4se von ausgezeichneter Qualit\u00e4t.<br \/>\nIdeal als Zutat f\u00fcr einen ersten Gang oder als zweiter Gang ist unser Gran Mantovano ganz neu zu entdecken.<\/p>","protected":false},"excerpt":{"rendered":"<p>Leider ist der Eintrag nur auf Italiano verf\u00fcgbar.<\/p>\n","protected":false},"author":1,"featured_media":2312,"parent":11,"menu_order":3,"comment_status":"closed","ping_status":"closed","template":"tpl-products.php","meta":{"footnotes":""},"class_list":["post-121","page","type-page","status-publish","has-post-thumbnail","hentry"],"_links":{"self":[{"href":"https:\/\/lsmgroup.it\/de\/wp-json\/wp\/v2\/pages\/121","targetHints":{"allow":["GET"]}}],"collection":[{"href":"https:\/\/lsmgroup.it\/de\/wp-json\/wp\/v2\/pages"}],"about":[{"href":"https:\/\/lsmgroup.it\/de\/wp-json\/wp\/v2\/types\/page"}],"author":[{"embeddable":true,"href":"https:\/\/lsmgroup.it\/de\/wp-json\/wp\/v2\/users\/1"}],"replies":[{"embeddable":true,"href":"https:\/\/lsmgroup.it\/de\/wp-json\/wp\/v2\/comments?post=121"}],"version-history":[{"count":51,"href":"https:\/\/lsmgroup.it\/de\/wp-json\/wp\/v2\/pages\/121\/revisions"}],"predecessor-version":[{"id":2382,"href":"https:\/\/lsmgroup.it\/de\/wp-json\/wp\/v2\/pages\/121\/revisions\/2382"}],"up":[{"embeddable":true,"href":"https:\/\/lsmgroup.it\/de\/wp-json\/wp\/v2\/pages\/11"}],"wp:featuredmedia":[{"embeddable":true,"href":"https:\/\/lsmgroup.it\/de\/wp-json\/wp\/v2\/media\/2312"}],"wp:attachment":[{"href":"https:\/\/lsmgroup.it\/de\/wp-json\/wp\/v2\/media?parent=121"}],"curies":[{"name":"wp","href":"https:\/\/api.w.org\/{rel}","templated":true}]}}