{"id":15,"date":"2016-04-21T04:12:31","date_gmt":"2016-04-21T02:12:31","guid":{"rendered":"http:\/\/lsmgroup.it\/?page_id=15"},"modified":"2025-09-30T11:59:36","modified_gmt":"2025-09-30T09:59:36","slug":"point-de-vente","status":"publish","type":"page","link":"https:\/\/lsmgroup.it\/de\/verkaufsstelle\/","title":{"rendered":"Verkaufsstelle"},"content":{"rendered":"<p>Die <strong>Einzelhandelsverkaufsstelle<\/strong> befindet sich im Hauptsitz der Latteria Sociale Mantova, in via Kennedy 48 in <strong>Porto Mantovano<\/strong>. Ein Verkaufsraum, in dem die Kunden nicht nur die Qualit\u00e4t der Markenprodukte, sondern auch <strong>k\u00f6stliche lokale Spezialit\u00e4ten<\/strong> w\u00e4hlen k\u00f6nnen, die sorgf\u00e4ltig ausgew\u00e4hlt wurden, um selbst die anspruchsvollsten Gaumen nicht zu entt\u00e4uschen.<\/p>","protected":false},"excerpt":{"rendered":"<p>Die Einzelhandelsverkaufsstelle befindet sich im Hauptsitz der Latteria Sociale Mantova, [&hellip;]<\/p>\n","protected":false},"author":1,"featured_media":2406,"parent":0,"menu_order":0,"comment_status":"closed","ping_status":"closed","template":"","meta":{"footnotes":""},"class_list":["post-15","page","type-page","status-publish","has-post-thumbnail","hentry"],"_links":{"self":[{"href":"https:\/\/lsmgroup.it\/de\/wp-json\/wp\/v2\/pages\/15","targetHints":{"allow":["GET"]}}],"collection":[{"href":"https:\/\/lsmgroup.it\/de\/wp-json\/wp\/v2\/pages"}],"about":[{"href":"https:\/\/lsmgroup.it\/de\/wp-json\/wp\/v2\/types\/page"}],"author":[{"embeddable":true,"href":"https:\/\/lsmgroup.it\/de\/wp-json\/wp\/v2\/users\/1"}],"replies":[{"embeddable":true,"href":"https:\/\/lsmgroup.it\/de\/wp-json\/wp\/v2\/comments?post=15"}],"version-history":[{"count":66,"href":"https:\/\/lsmgroup.it\/de\/wp-json\/wp\/v2\/pages\/15\/revisions"}],"predecessor-version":[{"id":2417,"href":"https:\/\/lsmgroup.it\/de\/wp-json\/wp\/v2\/pages\/15\/revisions\/2417"}],"wp:featuredmedia":[{"embeddable":true,"href":"https:\/\/lsmgroup.it\/de\/wp-json\/wp\/v2\/media\/2406"}],"wp:attachment":[{"href":"https:\/\/lsmgroup.it\/de\/wp-json\/wp\/v2\/media?parent=15"}],"curies":[{"name":"wp","href":"https:\/\/api.w.org\/{rel}","templated":true}]}}