{"id":2436,"date":"2025-10-15T16:43:14","date_gmt":"2025-10-15T14:43:14","guid":{"rendered":"https:\/\/lsmgroup.it\/?page_id=2436"},"modified":"2026-03-13T16:40:03","modified_gmt":"2026-03-13T15:40:03","slug":"sostenibilita","status":"publish","type":"page","link":"https:\/\/lsmgroup.it\/de\/sostenibilita\/","title":{"rendered":"UMWELTNACHHALTIGKEIT"},"content":{"rendered":"<p><\/p>\n<p data-start=\"0\" data-end=\"242\">Latteria Sociale Mantova setzt mit gro\u00dfer Hingabe den Prozess der St\u00e4rkung ihrer Unternehmenspolitik in Bezug auf ethische, soziale und \u00f6kologische Nachhaltigkeit fort, der sich auf ihre Produktionsprozesse und dar\u00fcber hinaus erstreckt.<\/p>\n<p data-start=\"244\" data-end=\"410\">Mit dem Ziel, eine offene, zug\u00e4ngliche und geteilte Kommunikation zu f\u00f6rdern, ist LSM stolz darauf, die <strong>erste Ausgabe ihres Nachhaltigkeitsberichts<\/strong> zu pr\u00e4sentieren.<\/p>\n<p data-start=\"412\" data-end=\"608\">Ziel dieses Berichts ist es, unser Engagement und die erzielten Ergebnisse in den oben genannten Bereichen darzustellen und einen umfassenden \u00dcberblick \u00fcber unser Genossenschaftsmodell zu geben.<\/p>\n<p data-start=\"610\" data-end=\"785\" data-is-last-node=\"\" data-is-only-node=\"\">Dieses Instrument dient als grundlegender Ausgangspunkt f\u00fcr unseren kontinuierlichen Verbesserungsprozess, der auf Qualit\u00e4t, Tradition und, in der Tat, Nachhaltigkeit basiert.<\/p>\n<p>&nbsp;<\/p>\n<p>&nbsp;<\/p>\n<p><a href=\"https:\/\/lsmgroup.it\/wp-content\/uploads\/LSM_2024_Bilancio-di-sostenibilita_2025-08-08.pdf\">SUSTAINABILITY REPORT LSM 2024<\/a><\/p>\n<p><strong><br \/>\nECOVADIS<\/strong><\/p>\n<p data-start=\"0\" data-end=\"312\">Die Latteria Sociale Mantova hat einen strukturierten Prozess gestartet, um ihre Nachhaltigkeitsleistung \u00fcber <strong data-start=\"110\" data-end=\"122\">EcoVadis<\/strong> zu bewerten, eine internationale Bewertungsplattform, die Unternehmenspraktiken in den Bereichen Umwelt, Soziales, Ethik und Lieferkettenmanagement unabh\u00e4ngig und systematisch analysiert.<\/p>\n<p data-start=\"314\" data-end=\"610\">Die Methodik basiert auf international anerkannten Kriterien und erm\u00f6glicht eine objektive Messung des Grades der Integration von Nachhaltigkeit in Gesch\u00e4ftsprozesse sowie die Identifizierung von Verbesserungsbereichen, die mit den Prinzipien der unternehmerischen Verantwortung \u00fcbereinstimmen.<\/p>\n<p data-start=\"612\" data-end=\"908\" data-is-last-node=\"\" data-is-only-node=\"\">In diesem Zusammenhang stellt das von der Latteria Sociale Mantova erzielte Ergebnis einen weiteren Schritt auf ihrem Weg der kontinuierlichen Verbesserung dar und unterst\u00fctzt ein verantwortungsbewusstes, transparentes Management, das den Erwartungen der wichtigsten Interessengruppen entspricht.<\/p>\n<p>&nbsp;<\/p>\n<p>&nbsp;<\/p>\n<p><img loading=\"lazy\" decoding=\"async\" class=\"alignnone wp-image-2480\" src=\"https:\/\/lsmgroup.it\/wp-content\/uploads\/Ecovadis-Medaglia_2025.png\" alt=\"\" srcset=\"https:\/\/lsmgroup.it\/wp-content\/uploads\/Ecovadis-Medaglia_2025.png 1667w, https:\/\/lsmgroup.it\/wp-content\/uploads\/Ecovadis-Medaglia_2025-118x118.png 118w, https:\/\/lsmgroup.it\/wp-content\/uploads\/Ecovadis-Medaglia_2025-160x160.png 160w, https:\/\/lsmgroup.it\/wp-content\/uploads\/Ecovadis-Medaglia_2025-1536x1536.png 1536w\" sizes=\"auto, (max-width: 336px) 100vw, 336px\" \/><\/p>","protected":false},"excerpt":{"rendered":"<p>Latteria Sociale Mantova setzt mit gro\u00dfer Hingabe den Prozess der [&hellip;]<\/p>\n","protected":false},"author":2,"featured_media":2426,"parent":0,"menu_order":0,"comment_status":"closed","ping_status":"closed","template":"","meta":{"footnotes":""},"class_list":["post-2436","page","type-page","status-publish","has-post-thumbnail","hentry"],"_links":{"self":[{"href":"https:\/\/lsmgroup.it\/de\/wp-json\/wp\/v2\/pages\/2436","targetHints":{"allow":["GET"]}}],"collection":[{"href":"https:\/\/lsmgroup.it\/de\/wp-json\/wp\/v2\/pages"}],"about":[{"href":"https:\/\/lsmgroup.it\/de\/wp-json\/wp\/v2\/types\/page"}],"author":[{"embeddable":true,"href":"https:\/\/lsmgroup.it\/de\/wp-json\/wp\/v2\/users\/2"}],"replies":[{"embeddable":true,"href":"https:\/\/lsmgroup.it\/de\/wp-json\/wp\/v2\/comments?post=2436"}],"version-history":[{"count":24,"href":"https:\/\/lsmgroup.it\/de\/wp-json\/wp\/v2\/pages\/2436\/revisions"}],"predecessor-version":[{"id":2513,"href":"https:\/\/lsmgroup.it\/de\/wp-json\/wp\/v2\/pages\/2436\/revisions\/2513"}],"wp:featuredmedia":[{"embeddable":true,"href":"https:\/\/lsmgroup.it\/de\/wp-json\/wp\/v2\/media\/2426"}],"wp:attachment":[{"href":"https:\/\/lsmgroup.it\/de\/wp-json\/wp\/v2\/media?parent=2436"}],"curies":[{"name":"wp","href":"https:\/\/api.w.org\/{rel}","templated":true}]}}