{"id":2464,"date":"2026-01-30T15:34:51","date_gmt":"2026-01-30T14:34:51","guid":{"rendered":"https:\/\/lsmgroup.it\/?page_id=2464"},"modified":"2026-03-13T15:55:40","modified_gmt":"2026-03-13T14:55:40","slug":"certificazioni","status":"publish","type":"page","link":"https:\/\/lsmgroup.it\/de\/zertifizierungen\/","title":{"rendered":"ZERTIFIZIERUNGEN"},"content":{"rendered":"<p>Das Unternehmen hat seit jeher in Italien und weltweit anerkannte Standards eingef\u00fchrt und aufrechterhalten, um die Sicherheit seiner Produkte sowie die Einhaltung der geltenden Vorschriften zu gew\u00e4hrleisten.<br \/>\nEin konkretes und t\u00e4gliches Engagement f\u00fcr Qualit\u00e4t, das dazu beitr\u00e4gt, das Vertrauen von Partnern und Verbrauchern zu st\u00e4rken.<\/p>\n<p>&nbsp;<\/p>\n<p><strong>ZERTIFIZIERUNGEN F\u00dcR QUALIT\u00c4T UND LEBENSMITTELSICHERHEIT<\/strong><br \/>\n&#8211; <a href=\"https:\/\/lsmgroup.it\/wp-content\/uploads\/25-26-BRC_LSM.pdf\" target=\"_blank\" rel=\"noopener\">Global Standard for Food Safety \u2013 BRC Porto Mantovano (MN)<\/a>;<br \/>\n&#8211; <a href=\"https:\/\/lsmgroup.it\/wp-content\/uploads\/25-26-BRC_LSS.pdf\" target=\"_blank\" rel=\"noopener\">Global Standard for Food Safety \u2013 BRC Marmirolo (MN)<\/a>;<br \/>\n&#8211; <a href=\"https:\/\/lsmgroup.it\/wp-content\/uploads\/25-26-IFS_LSM.pdf\" target=\"_blank\" rel=\"noopener\">International Featured Standard Food \u2013 IFS Porto Mantovano (MN)<\/a>;<br \/>\n&#8211; <a href=\"https:\/\/lsmgroup.it\/wp-content\/uploads\/25-26-IFS_LSS-1.pdf\" target=\"_blank\" rel=\"noopener\">International Featured Standard Food \u2013 IFS Marmirolo (MN)<\/a>;<br \/>\n&#8211; <a href=\"https:\/\/lsmgroup.it\/wp-content\/uploads\/25-26-IFS_CSS.pdf\" target=\"_blank\" rel=\"noopener\">International Featured Standard Food \u2013 IFS San Silvestro (MN)<\/a>.<\/p>\n<p>&nbsp;<\/p>\n<p><strong>QUALIT\u00c4TSMANAGEMENTSYSTEME<\/strong><br \/>\n&#8211; <a href=\"https:\/\/lsmgroup.it\/wp-content\/uploads\/Certificato-ISO-14001-2015_scad.-260711.pdf\" target=\"_blank\" rel=\"noopener\">ISO 14001:2015<\/a>;<br \/>\n&#8211; <a href=\"https:\/\/lsmgroup.it\/wp-content\/uploads\/Certificato-ISO-45001_scad.-280321.pdf\" target=\"_blank\" rel=\"noopener\">ISO 45001<\/a>.<\/p>","protected":false},"excerpt":{"rendered":"<p>Das Unternehmen hat seit jeher in Italien und weltweit anerkannte [&hellip;]<\/p>\n","protected":false},"author":2,"featured_media":2473,"parent":0,"menu_order":0,"comment_status":"closed","ping_status":"closed","template":"","meta":{"footnotes":""},"class_list":["post-2464","page","type-page","status-publish","has-post-thumbnail","hentry"],"_links":{"self":[{"href":"https:\/\/lsmgroup.it\/de\/wp-json\/wp\/v2\/pages\/2464","targetHints":{"allow":["GET"]}}],"collection":[{"href":"https:\/\/lsmgroup.it\/de\/wp-json\/wp\/v2\/pages"}],"about":[{"href":"https:\/\/lsmgroup.it\/de\/wp-json\/wp\/v2\/types\/page"}],"author":[{"embeddable":true,"href":"https:\/\/lsmgroup.it\/de\/wp-json\/wp\/v2\/users\/2"}],"replies":[{"embeddable":true,"href":"https:\/\/lsmgroup.it\/de\/wp-json\/wp\/v2\/comments?post=2464"}],"version-history":[{"count":14,"href":"https:\/\/lsmgroup.it\/de\/wp-json\/wp\/v2\/pages\/2464\/revisions"}],"predecessor-version":[{"id":2497,"href":"https:\/\/lsmgroup.it\/de\/wp-json\/wp\/v2\/pages\/2464\/revisions\/2497"}],"wp:featuredmedia":[{"embeddable":true,"href":"https:\/\/lsmgroup.it\/de\/wp-json\/wp\/v2\/media\/2473"}],"wp:attachment":[{"href":"https:\/\/lsmgroup.it\/de\/wp-json\/wp\/v2\/media?parent=2464"}],"curies":[{"name":"wp","href":"https:\/\/api.w.org\/{rel}","templated":true}]}}