{"id":119,"date":"2016-04-26T01:39:38","date_gmt":"2016-04-25T23:39:38","guid":{"rendered":"http:\/\/lsmgroup.it\/?page_id=119"},"modified":"2025-09-15T14:42:44","modified_gmt":"2025-09-15T12:42:44","slug":"parmigiano-reggiano","status":"publish","type":"page","link":"https:\/\/lsmgroup.it\/fr\/produits\/parmigiano-reggiano\/","title":{"rendered":"Parmigiano Reggiano"},"content":{"rendered":"<p>Le <strong>Parmigiano Reggiano D.O.P<\/strong> est un fromage incomparable et inimitable pour son go\u00fbt et ses parfums, produit dans la campagne allant des Apennins jusqu\u2019au P\u00f4 depuis plus de 9 si\u00e8cles de tradition. Un \u00e9quilibre incroyable entre le savoir-faire, la passion et l\u2019artisanat des hommes qui le produisent et le travaillent jour apr\u00e8s jour.<br \/>\nPendant l\u2019affinage, il prend sa caract\u00e9ristique consistance granuleuse, la d\u00e9coupe en copeaux devient friable et soluble.<\/p>\n<p>&nbsp;<\/p>\n<p><!--more--><\/p>\n<p>D\u00e9licieux, <strong>facilement digestible<\/strong>, extr\u00eamement <strong>riche d\u2019un point de vue nutritionnel<\/strong>, le Parmigiano Reggiano D.O.P. n\u2019en manque pas une pour exceller en qualit\u00e9 et en saveur.<br \/>\nLe go\u00fbt unique d\u2019un produit authentique <strong>produit sans conservateurs<\/strong>. Sa composition en prot\u00e9ines, vitamines, calcium et sels min\u00e9raux en font un produit <strong>adapt\u00e9 \u00e0 tous les \u00e2ges<\/strong> et, quelle que soit la situation, il donne la dose d\u2019\u00e9nergie imm\u00e9diate indispensable \u00e0 tous.<\/p>\n<p><!--more--><\/p>","protected":false},"excerpt":{"rendered":"<p>D\u00e9sol\u00e9, cet article est seulement disponible en Italiano.<\/p>\n","protected":false},"author":1,"featured_media":129,"parent":11,"menu_order":2,"comment_status":"closed","ping_status":"closed","template":"tpl-products.php","meta":{"footnotes":""},"class_list":["post-119","page","type-page","status-publish","has-post-thumbnail","hentry"],"_links":{"self":[{"href":"https:\/\/lsmgroup.it\/fr\/wp-json\/wp\/v2\/pages\/119","targetHints":{"allow":["GET"]}}],"collection":[{"href":"https:\/\/lsmgroup.it\/fr\/wp-json\/wp\/v2\/pages"}],"about":[{"href":"https:\/\/lsmgroup.it\/fr\/wp-json\/wp\/v2\/types\/page"}],"author":[{"embeddable":true,"href":"https:\/\/lsmgroup.it\/fr\/wp-json\/wp\/v2\/users\/1"}],"replies":[{"embeddable":true,"href":"https:\/\/lsmgroup.it\/fr\/wp-json\/wp\/v2\/comments?post=119"}],"version-history":[{"count":40,"href":"https:\/\/lsmgroup.it\/fr\/wp-json\/wp\/v2\/pages\/119\/revisions"}],"predecessor-version":[{"id":2379,"href":"https:\/\/lsmgroup.it\/fr\/wp-json\/wp\/v2\/pages\/119\/revisions\/2379"}],"up":[{"embeddable":true,"href":"https:\/\/lsmgroup.it\/fr\/wp-json\/wp\/v2\/pages\/11"}],"wp:featuredmedia":[{"embeddable":true,"href":"https:\/\/lsmgroup.it\/fr\/wp-json\/wp\/v2\/media\/129"}],"wp:attachment":[{"href":"https:\/\/lsmgroup.it\/fr\/wp-json\/wp\/v2\/media?parent=119"}],"curies":[{"name":"wp","href":"https:\/\/api.w.org\/{rel}","templated":true}]}}