{"id":121,"date":"2016-04-26T01:40:13","date_gmt":"2016-04-25T23:40:13","guid":{"rendered":"http:\/\/lsmgroup.it\/?page_id=121"},"modified":"2025-09-15T14:49:39","modified_gmt":"2025-09-15T12:49:39","slug":"gran-mantovano","status":"publish","type":"page","link":"https:\/\/lsmgroup.it\/fr\/produits\/gran-mantovano\/","title":{"rendered":"Gran Mantovano"},"content":{"rendered":"<p>LSM Group, gr\u00e2ce \u00e0 sa collaboration avec des producteurs et partenaires locaux, a produit un excellent fromage, \u00e0 base d\u2019une pr\u00e9sure microbienne, adapt\u00e9 aux exigences particuli\u00e8res des consommateurs v\u00e9g\u00e9tariens\u00a0: le <strong>Gran Mantovano<\/strong>.<\/p>\n<p><!--more-->Disponible \u00e9galement dans sa version \u00ab\u00a0<strong>cro\u00fbte noire<\/strong>\u00a0\u00bb, il s\u2019agit d\u2019un fromage de table d\u2019excellente qualit\u00e9 et qui peut \u00eatre servi r\u00e2p\u00e9.<br \/>\nId\u00e9al comme assaisonnement pour une entr\u00e9e ou m\u00eame pour un plat de r\u00e9sistance, notre Gran Mantovano est \u00e0 d\u00e9couvrir sans plus attendre.LSM Group, gr\u00e2ce \u00e0 sa collaboration avec des producteurs et partenaires locaux, a produit un excellent fromage, \u00e0 base d\u2019une pr\u00e9sure microbienne, adapt\u00e9 aux exigences particuli\u00e8res des consommateurs v\u00e9g\u00e9tariens\u00a0: le <strong>Gran Mantovano<\/strong>.<\/p>\n<p><!--more-->Disponible \u00e9galement dans sa version \u00ab\u00a0<strong>cro\u00fbte noire<\/strong>\u00a0\u00bb, il s\u2019agit d\u2019un fromage de table d\u2019excellente qualit\u00e9 et qui peut \u00eatre servi r\u00e2p\u00e9.<br \/>\nId\u00e9al comme assaisonnement pour une entr\u00e9e ou m\u00eame pour un plat de r\u00e9sistance, notre Gran Mantovano est \u00e0 d\u00e9couvrir sans plus attendre.LSM Group, gr\u00e2ce \u00e0 sa collaboration avec des producteurs et partenaires locaux, a produit un excellent fromage, \u00e0 base d\u2019une pr\u00e9sure microbienne, adapt\u00e9 aux exigences particuli\u00e8res des consommateurs v\u00e9g\u00e9tariens\u00a0: le <strong>Gran Mantovano<\/strong>.<\/p>\n<p><!--more-->Disponible \u00e9galement dans sa version \u00ab\u00a0<strong>cro\u00fbte noire<\/strong>\u00a0\u00bb, il s\u2019agit d\u2019un fromage de table d\u2019excellente qualit\u00e9 et qui peut \u00eatre servi r\u00e2p\u00e9.<br \/>\nId\u00e9al comme assaisonnement pour une entr\u00e9e ou m\u00eame pour un plat de r\u00e9sistance, notre Gran Mantovano est \u00e0 d\u00e9couvrir sans plus attendre.LSM Group, gr\u00e2ce \u00e0 sa collaboration avec des producteurs et partenaires locaux, a produit un excellent fromage, \u00e0 base d\u2019une pr\u00e9sure microbienne, adapt\u00e9 aux exigences particuli\u00e8res des consommateurs v\u00e9g\u00e9tariens\u00a0: le <strong>Gran Mantovano<\/strong>.<\/p>\n<p><!--more-->Disponible \u00e9galement dans sa version \u00ab\u00a0<strong>cro\u00fbte noire<\/strong>\u00a0\u00bb, il s\u2019agit d\u2019un fromage de table d\u2019excellente qualit\u00e9 et qui peut \u00eatre servi r\u00e2p\u00e9.<br \/>\nId\u00e9al comme assaisonnement pour une entr\u00e9e ou m\u00eame pour un plat de r\u00e9sistance, notre Gran Mantovano est \u00e0 d\u00e9couvrir sans plus attendre.LSM Group, gr\u00e2ce \u00e0 sa collaboration avec des producteurs et partenaires locaux, a produit un excellent fromage, \u00e0 base d\u2019une pr\u00e9sure microbienne, adapt\u00e9 aux exigences particuli\u00e8res des consommateurs v\u00e9g\u00e9tariens\u00a0: le <strong>Gran Mantovano<\/strong>.<\/p>\n<p><!--more-->Disponible \u00e9galement dans sa version \u00ab\u00a0<strong>cro\u00fbte noire<\/strong>\u00a0\u00bb, il s\u2019agit d\u2019un fromage de table d\u2019excellente qualit\u00e9 et qui peut \u00eatre servi r\u00e2p\u00e9.<br \/>\nId\u00e9al comme assaisonnement pour une entr\u00e9e ou m\u00eame pour un plat de r\u00e9sistance, notre Gran Mantovano est \u00e0 d\u00e9couvrir sans plus attendre.LSM Group, gr\u00e2ce \u00e0 sa collaboration avec des producteurs et partenaires locaux, a produit un excellent fromage, \u00e0 base d\u2019une pr\u00e9sure microbienne, adapt\u00e9 aux exigences particuli\u00e8res des consommateurs v\u00e9g\u00e9tariens\u00a0: le <strong>Gran Mantovano<\/strong>.<\/p>\n<p><!--more-->Disponible \u00e9galement dans sa version \u00ab\u00a0<strong>cro\u00fbte noire<\/strong>\u00a0\u00bb, il s\u2019agit d\u2019un fromage de table d\u2019excellente qualit\u00e9 et qui peut \u00eatre servi r\u00e2p\u00e9.<br \/>\nId\u00e9al comme assaisonnement pour une entr\u00e9e ou m\u00eame pour un plat de r\u00e9sistance, notre Gran Mantovano est \u00e0 d\u00e9couvrir sans plus attendre.LSM Group, gr\u00e2ce \u00e0 sa collaboration avec des producteurs et partenaires locaux, a produit un excellent fromage, \u00e0 base d\u2019une pr\u00e9sure microbienne, adapt\u00e9 aux exigences particuli\u00e8res des consommateurs v\u00e9g\u00e9tariens\u00a0: le <strong>Gran Mantovano<\/strong>.<\/p>\n<p><!--more-->Disponible \u00e9galement dans sa version \u00ab\u00a0<strong>cro\u00fbte noire<\/strong>\u00a0\u00bb, il s\u2019agit d\u2019un fromage de table d\u2019excellente qualit\u00e9 et qui peut \u00eatre servi r\u00e2p\u00e9.<br \/>\nId\u00e9al comme assaisonnement pour une entr\u00e9e ou m\u00eame pour un plat de r\u00e9sistance, notre Gran Mantovano est \u00e0 d\u00e9couvrir sans plus attendre.LSM Group, gr\u00e2ce \u00e0 sa collaboration avec des producteurs et partenaires locaux, a produit un excellent fromage, \u00e0 base d\u2019une pr\u00e9sure microbienne, adapt\u00e9 aux exigences particuli\u00e8res des consommateurs v\u00e9g\u00e9tariens\u00a0: le <strong>Gran Mantovano<\/strong>.<\/p>\n<p><!--more-->Disponible \u00e9galement dans sa version \u00ab\u00a0<strong>cro\u00fbte noire<\/strong>\u00a0\u00bb, il s\u2019agit d\u2019un fromage de table d\u2019excellente qualit\u00e9 et qui peut \u00eatre servi r\u00e2p\u00e9.<br \/>\nId\u00e9al comme assaisonnement pour une entr\u00e9e ou m\u00eame pour un plat de r\u00e9sistance, notre Gran Mantovano est \u00e0 d\u00e9couvrir sans plus attendre.<\/p>","protected":false},"excerpt":{"rendered":"<p>D\u00e9sol\u00e9, cet article est seulement disponible en Italiano.<\/p>\n","protected":false},"author":1,"featured_media":2312,"parent":11,"menu_order":3,"comment_status":"closed","ping_status":"closed","template":"tpl-products.php","meta":{"footnotes":""},"class_list":["post-121","page","type-page","status-publish","has-post-thumbnail","hentry"],"_links":{"self":[{"href":"https:\/\/lsmgroup.it\/fr\/wp-json\/wp\/v2\/pages\/121","targetHints":{"allow":["GET"]}}],"collection":[{"href":"https:\/\/lsmgroup.it\/fr\/wp-json\/wp\/v2\/pages"}],"about":[{"href":"https:\/\/lsmgroup.it\/fr\/wp-json\/wp\/v2\/types\/page"}],"author":[{"embeddable":true,"href":"https:\/\/lsmgroup.it\/fr\/wp-json\/wp\/v2\/users\/1"}],"replies":[{"embeddable":true,"href":"https:\/\/lsmgroup.it\/fr\/wp-json\/wp\/v2\/comments?post=121"}],"version-history":[{"count":51,"href":"https:\/\/lsmgroup.it\/fr\/wp-json\/wp\/v2\/pages\/121\/revisions"}],"predecessor-version":[{"id":2382,"href":"https:\/\/lsmgroup.it\/fr\/wp-json\/wp\/v2\/pages\/121\/revisions\/2382"}],"up":[{"embeddable":true,"href":"https:\/\/lsmgroup.it\/fr\/wp-json\/wp\/v2\/pages\/11"}],"wp:featuredmedia":[{"embeddable":true,"href":"https:\/\/lsmgroup.it\/fr\/wp-json\/wp\/v2\/media\/2312"}],"wp:attachment":[{"href":"https:\/\/lsmgroup.it\/fr\/wp-json\/wp\/v2\/media?parent=121"}],"curies":[{"name":"wp","href":"https:\/\/api.w.org\/{rel}","templated":true}]}}