{"id":2436,"date":"2025-10-15T16:43:14","date_gmt":"2025-10-15T14:43:14","guid":{"rendered":"https:\/\/lsmgroup.it\/?page_id=2436"},"modified":"2026-03-13T16:40:03","modified_gmt":"2026-03-13T15:40:03","slug":"sostenibilita","status":"publish","type":"page","link":"https:\/\/lsmgroup.it\/fr\/sostenibilita\/","title":{"rendered":"DURABILIT\u00c9 ENVIRONNEMENTALE"},"content":{"rendered":"<p><\/p>\n<p data-start=\"0\" data-end=\"237\">La Latteria Sociale Mantova poursuit, avec une grande d\u00e9votion, le processus de renforcement de sa politique d\u2019entreprise en mati\u00e8re de durabilit\u00e9 \u00e9thique, sociale et environnementale, concernant ses processus de production et au-del\u00e0.<\/p>\n<p data-start=\"239\" data-end=\"398\">Dans le but de promouvoir une communication ouverte, accessible et partag\u00e9e, LSM est fi\u00e8re de pr\u00e9senter la <strong>premi\u00e8re \u00e9dition de son Rapport sur la Durabilit\u00e9<\/strong>.<\/p>\n<p data-start=\"400\" data-end=\"599\">L\u2019objectif de ce rapport est de rendre compte de notre engagement et des r\u00e9sultats obtenus dans les domaines mentionn\u00e9s ci-dessus, en offrant une vue d\u2019ensemble compl\u00e8te de notre mod\u00e8le coop\u00e9ratif.<\/p>\n<p data-start=\"601\" data-end=\"774\" data-is-last-node=\"\" data-is-only-node=\"\">Il s\u2019agit d\u2019un outil qui constitue un point de d\u00e9part fondamental pour notre parcours d\u2019am\u00e9lioration continue, bas\u00e9 sur la qualit\u00e9, la tradition et, bien s\u00fbr, la durabilit\u00e9.<\/p>\n<p>&nbsp;<\/p>\n<p>&nbsp;<\/p>\n<p><a href=\"https:\/\/lsmgroup.it\/wp-content\/uploads\/LSM_2024_Bilancio-di-sostenibilita_2025-08-08.pdf\">SUSTAINABILITY REPORT LSM 2024<\/a><\/p>\n<p><strong><br \/>\nECOVADIS<\/strong><\/p>\n<p data-start=\"0\" data-end=\"348\">La Latteria Sociale Mantova a lanc\u00e9 un processus structur\u00e9 pour \u00e9valuer sa performance en mati\u00e8re de durabilit\u00e9 via <strong data-start=\"116\" data-end=\"128\">EcoVadis<\/strong>, une plateforme internationale de notation qui \u00e9value de mani\u00e8re ind\u00e9pendante et syst\u00e9matique les pratiques des entreprises en mati\u00e8re environnementale, sociale, \u00e9thique et de gestion de la cha\u00eene d\u2019approvisionnement.<\/p>\n<p data-start=\"350\" data-end=\"634\">La m\u00e9thodologie repose sur des crit\u00e8res reconnus au niveau international, permettant de mesurer objectivement le degr\u00e9 d\u2019int\u00e9gration de la durabilit\u00e9 dans les processus d\u2019entreprise et d\u2019identifier des axes d\u2019am\u00e9lioration coh\u00e9rents avec les principes de responsabilit\u00e9 d\u2019entreprise.<\/p>\n<p data-start=\"636\" data-end=\"893\" data-is-last-node=\"\" data-is-only-node=\"\">Dans ce contexte, le r\u00e9sultat obtenu par la Latteria Sociale Mantova repr\u00e9sente une \u00e9tape suppl\u00e9mentaire dans son parcours d\u2019am\u00e9lioration continue, soutenant une gestion responsable et transparente, align\u00e9e sur les attentes des principaux acteurs concern\u00e9s.<\/p>\n<p>&nbsp;<\/p>\n<p>&nbsp;<\/p>\n<p><img loading=\"lazy\" decoding=\"async\" class=\"alignnone wp-image-2480\" src=\"https:\/\/lsmgroup.it\/wp-content\/uploads\/Ecovadis-Medaglia_2025.png\" alt=\"\" srcset=\"https:\/\/lsmgroup.it\/wp-content\/uploads\/Ecovadis-Medaglia_2025.png 1667w, https:\/\/lsmgroup.it\/wp-content\/uploads\/Ecovadis-Medaglia_2025-118x118.png 118w, https:\/\/lsmgroup.it\/wp-content\/uploads\/Ecovadis-Medaglia_2025-160x160.png 160w, https:\/\/lsmgroup.it\/wp-content\/uploads\/Ecovadis-Medaglia_2025-1536x1536.png 1536w\" sizes=\"auto, (max-width: 336px) 100vw, 336px\" \/><\/p>","protected":false},"excerpt":{"rendered":"<p>La Latteria Sociale Mantova poursuit, avec une grande d\u00e9votion, le [&hellip;]<\/p>\n","protected":false},"author":2,"featured_media":2426,"parent":0,"menu_order":0,"comment_status":"closed","ping_status":"closed","template":"","meta":{"footnotes":""},"class_list":["post-2436","page","type-page","status-publish","has-post-thumbnail","hentry"],"_links":{"self":[{"href":"https:\/\/lsmgroup.it\/fr\/wp-json\/wp\/v2\/pages\/2436","targetHints":{"allow":["GET"]}}],"collection":[{"href":"https:\/\/lsmgroup.it\/fr\/wp-json\/wp\/v2\/pages"}],"about":[{"href":"https:\/\/lsmgroup.it\/fr\/wp-json\/wp\/v2\/types\/page"}],"author":[{"embeddable":true,"href":"https:\/\/lsmgroup.it\/fr\/wp-json\/wp\/v2\/users\/2"}],"replies":[{"embeddable":true,"href":"https:\/\/lsmgroup.it\/fr\/wp-json\/wp\/v2\/comments?post=2436"}],"version-history":[{"count":24,"href":"https:\/\/lsmgroup.it\/fr\/wp-json\/wp\/v2\/pages\/2436\/revisions"}],"predecessor-version":[{"id":2513,"href":"https:\/\/lsmgroup.it\/fr\/wp-json\/wp\/v2\/pages\/2436\/revisions\/2513"}],"wp:featuredmedia":[{"embeddable":true,"href":"https:\/\/lsmgroup.it\/fr\/wp-json\/wp\/v2\/media\/2426"}],"wp:attachment":[{"href":"https:\/\/lsmgroup.it\/fr\/wp-json\/wp\/v2\/media?parent=2436"}],"curies":[{"name":"wp","href":"https:\/\/api.w.org\/{rel}","templated":true}]}}