{"id":2464,"date":"2026-01-30T15:34:51","date_gmt":"2026-01-30T14:34:51","guid":{"rendered":"https:\/\/lsmgroup.it\/?page_id=2464"},"modified":"2026-03-13T15:55:40","modified_gmt":"2026-03-13T14:55:40","slug":"certificazioni","status":"publish","type":"page","link":"https:\/\/lsmgroup.it\/fr\/attestations\/","title":{"rendered":"CERTIFICATIONS"},"content":{"rendered":"<p>Latteria Sociale Mantova a toujours adopt\u00e9 et maintenu des normes reconnues en Italie et dans le monde, afin de garantir la s\u00e9curit\u00e9 de ses produits et le respect des r\u00e9glementations en vigueur.<br \/>\nUn engagement concret et quotidien envers la qualit\u00e9, qui contribue \u00e0 renforcer la confiance de ses partenaires et de ses consommateurs.<\/p>\n<p>&nbsp;<\/p>\n<p><strong>CERTIFICATIONS POUR LA QUALIT\u00c9 ET LA S\u00c9CURIT\u00c9 ALIMENTAIRE<\/strong><br \/>\n&#8211; <a href=\"https:\/\/lsmgroup.it\/wp-content\/uploads\/25-26-BRC_LSM.pdf\" target=\"_blank\" rel=\"noopener\">Global Standard for Food Safety \u2013 BRC Porto Mantovano (MN)<\/a>;<br \/>\n&#8211; <a href=\"https:\/\/lsmgroup.it\/wp-content\/uploads\/25-26-BRC_LSS.pdf\" target=\"_blank\" rel=\"noopener\">Global Standard for Food Safety \u2013 BRC Marmirolo (MN)<\/a>;<br \/>\n&#8211; <a href=\"https:\/\/lsmgroup.it\/wp-content\/uploads\/25-26-IFS_LSM.pdf\" target=\"_blank\" rel=\"noopener\">International Featured Standard Food \u2013 IFS Porto Mantovano (MN)<\/a>;<br \/>\n&#8211; <a href=\"https:\/\/lsmgroup.it\/wp-content\/uploads\/25-26-IFS_LSS-1.pdf\" target=\"_blank\" rel=\"noopener\">International Featured Standard Food \u2013 IFS Marmirolo (MN)<\/a>;<br \/>\n&#8211; <a href=\"https:\/\/lsmgroup.it\/wp-content\/uploads\/25-26-IFS_CSS.pdf\" target=\"_blank\" rel=\"noopener\">International Featured Standard Food \u2013 IFS San Silvestro (MN)<\/a>.<\/p>\n<p>&nbsp;<\/p>\n<p><strong>SYST\u00c8MES DE MANAGEMENT DE LA QUALIT\u00c9<\/strong><br \/>\n&#8211; <a href=\"https:\/\/lsmgroup.it\/wp-content\/uploads\/Certificato-ISO-14001-2015_scad.-260711.pdf\" target=\"_blank\" rel=\"noopener\">ISO 14001:2015<\/a>;<br \/>\n&#8211; <a href=\"https:\/\/lsmgroup.it\/wp-content\/uploads\/Certificato-ISO-45001_scad.-280321.pdf\" target=\"_blank\" rel=\"noopener\">ISO 45001<\/a>.<\/p>","protected":false},"excerpt":{"rendered":"<p>Latteria Sociale Mantova a toujours adopt\u00e9 et maintenu des normes [&hellip;]<\/p>\n","protected":false},"author":2,"featured_media":2473,"parent":0,"menu_order":0,"comment_status":"closed","ping_status":"closed","template":"","meta":{"footnotes":""},"class_list":["post-2464","page","type-page","status-publish","has-post-thumbnail","hentry"],"_links":{"self":[{"href":"https:\/\/lsmgroup.it\/fr\/wp-json\/wp\/v2\/pages\/2464","targetHints":{"allow":["GET"]}}],"collection":[{"href":"https:\/\/lsmgroup.it\/fr\/wp-json\/wp\/v2\/pages"}],"about":[{"href":"https:\/\/lsmgroup.it\/fr\/wp-json\/wp\/v2\/types\/page"}],"author":[{"embeddable":true,"href":"https:\/\/lsmgroup.it\/fr\/wp-json\/wp\/v2\/users\/2"}],"replies":[{"embeddable":true,"href":"https:\/\/lsmgroup.it\/fr\/wp-json\/wp\/v2\/comments?post=2464"}],"version-history":[{"count":14,"href":"https:\/\/lsmgroup.it\/fr\/wp-json\/wp\/v2\/pages\/2464\/revisions"}],"predecessor-version":[{"id":2497,"href":"https:\/\/lsmgroup.it\/fr\/wp-json\/wp\/v2\/pages\/2464\/revisions\/2497"}],"wp:featuredmedia":[{"embeddable":true,"href":"https:\/\/lsmgroup.it\/fr\/wp-json\/wp\/v2\/media\/2473"}],"wp:attachment":[{"href":"https:\/\/lsmgroup.it\/fr\/wp-json\/wp\/v2\/media?parent=2464"}],"curies":[{"name":"wp","href":"https:\/\/api.w.org\/{rel}","templated":true}]}}