{"id":9,"date":"2016-04-21T04:08:20","date_gmt":"2016-04-21T02:08:20","guid":{"rendered":"http:\/\/lsmgroup.it\/?page_id=9"},"modified":"2025-08-28T09:30:26","modified_gmt":"2025-08-28T07:30:26","slug":"company","status":"publish","type":"page","link":"https:\/\/lsmgroup.it\/fr\/societe\/","title":{"rendered":"SOCI\u00c9T\u00c9"},"content":{"rendered":"<p><\/p>\n<p class=\"p1\"><span class=\"s1\">Le groupe Latteria Sociale Mantova<b> <\/b>(LSM Group) est <b>leader en Italie<\/b> pour la production de\u00a0<b>Grana Padano<\/b> et pour la commercialisation d\u2019autres <b>fromages DOP italiens<\/b>.\u00a0<b>Qualit\u00e9 et transparence<\/b> garantissent l\u2019excellence de nos produits depuis<b> 1929<\/b>.<\/span><\/p>\n<p class=\"p1\"><!--more--><\/p>\n<p class=\"p1\"><span class=\"s1\">Gr\u00e2ce \u00e0 une constante<b> innovation <\/b>dans le respect de la<b> tradition<\/b>, le travail de la Latteria\u00a0Sociale Mantova na\u00eet de la terre et est effectu\u00e9 avec une <b>authentique passion<\/b>,\u00a0afin de donner vie \u00e0 <b>des produits de qualit\u00e9, naturels et au go\u00fbt incomparable<\/b>.<\/span><\/p>\n<p><\/p>","protected":false},"excerpt":{"rendered":"<p>D\u00e9sol\u00e9, cet article est seulement disponible en Italiano.<\/p>\n","protected":false},"author":1,"featured_media":423,"parent":0,"menu_order":0,"comment_status":"closed","ping_status":"closed","template":"","meta":{"footnotes":""},"class_list":["post-9","page","type-page","status-publish","has-post-thumbnail","hentry"],"_links":{"self":[{"href":"https:\/\/lsmgroup.it\/fr\/wp-json\/wp\/v2\/pages\/9","targetHints":{"allow":["GET"]}}],"collection":[{"href":"https:\/\/lsmgroup.it\/fr\/wp-json\/wp\/v2\/pages"}],"about":[{"href":"https:\/\/lsmgroup.it\/fr\/wp-json\/wp\/v2\/types\/page"}],"author":[{"embeddable":true,"href":"https:\/\/lsmgroup.it\/fr\/wp-json\/wp\/v2\/users\/1"}],"replies":[{"embeddable":true,"href":"https:\/\/lsmgroup.it\/fr\/wp-json\/wp\/v2\/comments?post=9"}],"version-history":[{"count":76,"href":"https:\/\/lsmgroup.it\/fr\/wp-json\/wp\/v2\/pages\/9\/revisions"}],"predecessor-version":[{"id":2362,"href":"https:\/\/lsmgroup.it\/fr\/wp-json\/wp\/v2\/pages\/9\/revisions\/2362"}],"wp:featuredmedia":[{"embeddable":true,"href":"https:\/\/lsmgroup.it\/fr\/wp-json\/wp\/v2\/media\/423"}],"wp:attachment":[{"href":"https:\/\/lsmgroup.it\/fr\/wp-json\/wp\/v2\/media?parent=9"}],"curies":[{"name":"wp","href":"https:\/\/api.w.org\/{rel}","templated":true}]}}